{"id":5927,"date":"2023-12-12T14:45:25","date_gmt":"2023-12-12T14:45:25","guid":{"rendered":"https:\/\/bamex.com.mx\/?page_id=5927"},"modified":"2025-08-21T19:09:14","modified_gmt":"2025-08-21T19:09:14","slug":"bmarket","status":"publish","type":"page","link":"https:\/\/bamex.com.mx\/en\/bmarket\/","title":{"rendered":"BMarket"},"content":{"rendered":"<div data-elementor-type=\"wp-page\" data-elementor-id=\"5927\" class=\"elementor elementor-5927\">\n\t\t\t\t\t\t<section class=\"elementor-section elementor-top-section elementor-element elementor-element-5ae136b elementor-section-boxed elementor-section-height-default elementor-section-height-default\" data-id=\"5ae136b\" data-element_type=\"section\" data-e-type=\"section\">\n\t\t\t\t\t\t<div class=\"elementor-container elementor-column-gap-default\">\n\t\t\t\t\t<div class=\"elementor-column elementor-col-25 elementor-top-column elementor-element elementor-element-cf67edd\" data-id=\"cf67edd\" data-element_type=\"column\" data-e-type=\"column\">\n\t\t\t<div class=\"elementor-widget-wrap\">\n\t\t\t\t\t\t\t<\/div>\n\t\t<\/div>\n\t\t\t\t<div class=\"elementor-column elementor-col-50 elementor-top-column elementor-element elementor-element-3750ff1\" data-id=\"3750ff1\" data-element_type=\"column\" data-e-type=\"column\">\n\t\t\t<div class=\"elementor-widget-wrap elementor-element-populated\">\n\t\t\t\t\t\t<div class=\"elementor-element elementor-element-5088a9e elementor-widget elementor-widget-image\" data-id=\"5088a9e\" data-element_type=\"widget\" data-e-type=\"widget\" data-widget_type=\"image.default\">\n\t\t\t\t<div class=\"elementor-widget-container\">\n\t\t\t\t\t\t\t\t\t\t\t\t\t\t\t<img fetchpriority=\"high\" decoding=\"async\" width=\"1920\" height=\"609\" src=\"https:\/\/bamex.com.mx\/wp-content\/uploads\/2023\/12\/Logo-bmarket-PNG-vectores.jpg\" class=\"attachment-full size-full wp-image-5938\" alt=\"\" srcset=\"https:\/\/bamex.com.mx\/wp-content\/uploads\/2023\/12\/Logo-bmarket-PNG-vectores.jpg 1920w, https:\/\/bamex.com.mx\/wp-content\/uploads\/2023\/12\/Logo-bmarket-PNG-vectores-300x95.jpg 300w, https:\/\/bamex.com.mx\/wp-content\/uploads\/2023\/12\/Logo-bmarket-PNG-vectores-1024x325.jpg 1024w, https:\/\/bamex.com.mx\/wp-content\/uploads\/2023\/12\/Logo-bmarket-PNG-vectores-768x244.jpg 768w, https:\/\/bamex.com.mx\/wp-content\/uploads\/2023\/12\/Logo-bmarket-PNG-vectores-1536x487.jpg 1536w, https:\/\/bamex.com.mx\/wp-content\/uploads\/2023\/12\/Logo-bmarket-PNG-vectores-18x6.jpg 18w\" sizes=\"(max-width: 1920px) 100vw, 1920px\" \/>\t\t\t\t\t\t\t\t\t\t\t\t\t\t\t<\/div>\n\t\t\t\t<\/div>\n\t\t\t\t\t<\/div>\n\t\t<\/div>\n\t\t\t\t<div class=\"elementor-column elementor-col-25 elementor-top-column elementor-element elementor-element-72a1276\" data-id=\"72a1276\" data-element_type=\"column\" data-e-type=\"column\">\n\t\t\t<div class=\"elementor-widget-wrap\">\n\t\t\t\t\t\t\t<\/div>\n\t\t<\/div>\n\t\t\t\t\t<\/div>\n\t\t<\/section>\n\t\t\t\t<section class=\"elementor-section elementor-top-section elementor-element elementor-element-45a4dbc elementor-section-boxed elementor-section-height-default elementor-section-height-default\" data-id=\"45a4dbc\" data-element_type=\"section\" data-e-type=\"section\">\n\t\t\t\t\t\t<div class=\"elementor-container elementor-column-gap-default\">\n\t\t\t\t\t<div class=\"elementor-column elementor-col-100 elementor-top-column elementor-element elementor-element-861c0c5\" data-id=\"861c0c5\" data-element_type=\"column\" data-e-type=\"column\">\n\t\t\t<div class=\"elementor-widget-wrap elementor-element-populated\">\n\t\t\t\t\t\t<div class=\"elementor-element elementor-element-1eedfc8 elementor-widget elementor-widget-text-editor\" data-id=\"1eedfc8\" data-element_type=\"widget\" data-e-type=\"widget\" data-widget_type=\"text-editor.default\">\n\t\t\t\t<div class=\"elementor-widget-container\">\n\t\t\t\t\t\t\t\t\t<p>Somos una empresa especializada en la comercializaci\u00f3n y distribuci\u00f3n de <strong>frutas<\/strong>, <strong>verduras<\/strong>, <strong>l\u00e1cteos<\/strong> y <strong>abarrotes<\/strong>, llevando productos frescos y de calidad a <strong>comedores<\/strong> <strong>industriales<\/strong>, <strong>corporativos<\/strong>, <strong>restaurantes<\/strong> y <strong>hoteles<\/strong>.<\/p><p>Nuestra propuesta de valor se centra en promover un estilo de vida <strong>m\u00e1s saludable<\/strong>, garantizando precios accesibles que generan un ahorro significativo en la econom\u00eda de nuestros clientes.<\/p>\t\t\t\t\t\t\t\t<\/div>\n\t\t\t\t<\/div>\n\t\t\t\t<div class=\"elementor-element elementor-element-6d708a4 elementor-align-center elementor-widget elementor-widget-button\" data-id=\"6d708a4\" data-element_type=\"widget\" data-e-type=\"widget\" data-widget_type=\"button.default\">\n\t\t\t\t<div class=\"elementor-widget-container\">\n\t\t\t\t\t\t\t\t\t<div class=\"elementor-button-wrapper\">\n\t\t\t\t\t<a class=\"elementor-button elementor-button-link elementor-size-sm\" href=\"https:\/\/bamex.com.mx\/wp-content\/uploads\/2025\/08\/BMarket-CATALOGO-DE-PRODUCTOS-AGOSTO.pdf\" target=\"_blank\">\n\t\t\t\t\t\t<span class=\"elementor-button-content-wrapper\">\n\t\t\t\t\t\t\t\t\t<span class=\"elementor-button-text\">Descarga nuestro cat\u00e1logo<\/span>\n\t\t\t\t\t<\/span>\n\t\t\t\t\t<\/a>\n\t\t\t\t<\/div>\n\t\t\t\t\t\t\t\t<\/div>\n\t\t\t\t<\/div>\n\t\t\t\t\t<\/div>\n\t\t<\/div>\n\t\t\t\t\t<\/div>\n\t\t<\/section>\n\t\t\t\t<section class=\"elementor-section elementor-top-section elementor-element elementor-element-e7a0e4d elementor-section-boxed elementor-section-height-default elementor-section-height-default\" data-id=\"e7a0e4d\" data-element_type=\"section\" data-e-type=\"section\">\n\t\t\t\t\t\t<div class=\"elementor-container elementor-column-gap-default\">\n\t\t\t\t\t<div class=\"elementor-column elementor-col-100 elementor-top-column elementor-element elementor-element-3d8abc5\" data-id=\"3d8abc5\" data-element_type=\"column\" data-e-type=\"column\">\n\t\t\t<div class=\"elementor-widget-wrap elementor-element-populated\">\n\t\t\t\t\t\t<section class=\"elementor-section elementor-inner-section elementor-element elementor-element-869aec5 elementor-section-boxed elementor-section-height-default elementor-section-height-default\" data-id=\"869aec5\" data-element_type=\"section\" data-e-type=\"section\">\n\t\t\t\t\t\t<div class=\"elementor-container elementor-column-gap-default\">\n\t\t\t\t\t<div class=\"elementor-column elementor-col-50 elementor-inner-column elementor-element elementor-element-4314209\" data-id=\"4314209\" data-element_type=\"column\" data-e-type=\"column\">\n\t\t\t<div class=\"elementor-widget-wrap elementor-element-populated\">\n\t\t\t\t\t\t<div class=\"elementor-element elementor-element-f8ec118 elementor-view-default elementor-position-block-start elementor-mobile-position-block-start elementor-widget elementor-widget-icon-box\" data-id=\"f8ec118\" data-element_type=\"widget\" data-e-type=\"widget\" data-widget_type=\"icon-box.default\">\n\t\t\t\t<div class=\"elementor-widget-container\">\n\t\t\t\t\t\t\t<div class=\"elementor-icon-box-wrapper\">\n\n\t\t\t\t\t\t<div class=\"elementor-icon-box-icon\">\n\t\t\t\t<a href=\"mailto:ventas@bmarket.com.mx\" class=\"elementor-icon\" tabindex=\"-1\" aria-label=\"ventas@bmarket.com.mx\">\n\t\t\t\t<i aria-hidden=\"true\" class=\"fas fa-envelope\"><\/i>\t\t\t\t<\/a>\n\t\t\t<\/div>\n\t\t\t\n\t\t\t\t\t\t<div class=\"elementor-icon-box-content\">\n\n\t\t\t\t\t\t\t\t\t<h3 class=\"elementor-icon-box-title\">\n\t\t\t\t\t\t<a href=\"mailto:ventas@bmarket.com.mx\" >\n\t\t\t\t\t\t\tventas@bmarket.com.mx\t\t\t\t\t\t<\/a>\n\t\t\t\t\t<\/h3>\n\t\t\t\t\n\t\t\t\t\n\t\t\t<\/div>\n\t\t\t\n\t\t<\/div>\n\t\t\t\t\t\t<\/div>\n\t\t\t\t<\/div>\n\t\t\t\t\t<\/div>\n\t\t<\/div>\n\t\t\t\t<div class=\"elementor-column elementor-col-50 elementor-inner-column elementor-element elementor-element-bc962fc\" data-id=\"bc962fc\" data-element_type=\"column\" data-e-type=\"column\">\n\t\t\t<div class=\"elementor-widget-wrap elementor-element-populated\">\n\t\t\t\t\t\t<div class=\"elementor-element elementor-element-bec84f5 elementor-view-default elementor-position-block-start elementor-mobile-position-block-start elementor-widget elementor-widget-icon-box\" data-id=\"bec84f5\" data-element_type=\"widget\" data-e-type=\"widget\" data-widget_type=\"icon-box.default\">\n\t\t\t\t<div class=\"elementor-widget-container\">\n\t\t\t\t\t\t\t<div class=\"elementor-icon-box-wrapper\">\n\n\t\t\t\t\t\t<div class=\"elementor-icon-box-icon\">\n\t\t\t\t<span  class=\"elementor-icon\">\n\t\t\t\t<i aria-hidden=\"true\" class=\"fab fa-whatsapp\"><\/i>\t\t\t\t<\/span>\n\t\t\t<\/div>\n\t\t\t\n\t\t\t\t\t\t<div class=\"elementor-icon-box-content\">\n\n\t\t\t\t\t\t\t\t\t<h3 class=\"elementor-icon-box-title\">\n\t\t\t\t\t\t<span  >\n\t\t\t\t\t\t\t+52 (55) 5070 9028\t\t\t\t\t\t<\/span>\n\t\t\t\t\t<\/h3>\n\t\t\t\t\n\t\t\t\t\n\t\t\t<\/div>\n\t\t\t\n\t\t<\/div>\n\t\t\t\t\t\t<\/div>\n\t\t\t\t<\/div>\n\t\t\t\t\t<\/div>\n\t\t<\/div>\n\t\t\t\t\t<\/div>\n\t\t<\/section>\n\t\t\t\t\t<\/div>\n\t\t<\/div>\n\t\t\t\t\t<\/div>\n\t\t<\/section>\n\t\t\t\t<\/div>","protected":false},"excerpt":{"rendered":"<p>Somos una empresa especializada en la comercializaci\u00f3n y distribuci\u00f3n de frutas, verduras, l\u00e1cteos y abarrotes, llevando productos frescos y de calidad a comedores industriales, corporativos, restaurantes y hoteles. Nuestra propuesta de valor se centra en promover un estilo de vida m\u00e1s saludable, garantizando precios accesibles que generan un ahorro significativo en la econom\u00eda de nuestros &hellip;<\/p>","protected":false},"author":2,"featured_media":0,"parent":0,"menu_order":0,"comment_status":"closed","ping_status":"closed","template":"elementor_header_footer","meta":{"footnotes":""},"class_list":["post-5927","page","type-page","status-publish","hentry"],"_links":{"self":[{"href":"https:\/\/bamex.com.mx\/en\/wp-json\/wp\/v2\/pages\/5927","targetHints":{"allow":["GET"]}}],"collection":[{"href":"https:\/\/bamex.com.mx\/en\/wp-json\/wp\/v2\/pages"}],"about":[{"href":"https:\/\/bamex.com.mx\/en\/wp-json\/wp\/v2\/types\/page"}],"author":[{"embeddable":true,"href":"https:\/\/bamex.com.mx\/en\/wp-json\/wp\/v2\/users\/2"}],"replies":[{"embeddable":true,"href":"https:\/\/bamex.com.mx\/en\/wp-json\/wp\/v2\/comments?post=5927"}],"version-history":[{"count":82,"href":"https:\/\/bamex.com.mx\/en\/wp-json\/wp\/v2\/pages\/5927\/revisions"}],"predecessor-version":[{"id":6270,"href":"https:\/\/bamex.com.mx\/en\/wp-json\/wp\/v2\/pages\/5927\/revisions\/6270"}],"wp:attachment":[{"href":"https:\/\/bamex.com.mx\/en\/wp-json\/wp\/v2\/media?parent=5927"}],"curies":[{"name":"wp","href":"https:\/\/api.w.org\/{rel}","templated":true}]}}