{"id":5897,"date":"2023-11-28T23:42:15","date_gmt":"2023-11-28T23:42:15","guid":{"rendered":"https:\/\/bamex.com.mx\/?page_id=5897"},"modified":"2024-01-11T17:51:03","modified_gmt":"2024-01-11T17:51:03","slug":"productos","status":"publish","type":"page","link":"https:\/\/bamex.com.mx\/en\/productos\/","title":{"rendered":"Products"},"content":{"rendered":"<div data-elementor-type=\"wp-page\" data-elementor-id=\"5897\" class=\"elementor elementor-5897\">\n\t\t\t\t\t\t<section class=\"elementor-section elementor-top-section elementor-element elementor-element-5ec00dc elementor-section-full_width elementor-section-height-default elementor-section-height-default\" data-id=\"5ec00dc\" data-element_type=\"section\" data-e-type=\"section\" data-settings=\"{&quot;background_background&quot;:&quot;classic&quot;}\">\n\t\t\t\t\t\t\t<div class=\"elementor-background-overlay\"><\/div>\n\t\t\t\t\t\t\t<div class=\"elementor-container elementor-column-gap-default\">\n\t\t\t\t\t<div class=\"elementor-column elementor-col-100 elementor-top-column elementor-element elementor-element-c16f28c\" data-id=\"c16f28c\" data-element_type=\"column\" data-e-type=\"column\">\n\t\t\t<div class=\"elementor-widget-wrap\">\n\t\t\t\t\t\t\t<\/div>\n\t\t<\/div>\n\t\t\t\t\t<\/div>\n\t\t<\/section>\n\t\t\t\t<section class=\"elementor-section elementor-top-section elementor-element elementor-element-a70ed5f elementor-section-boxed elementor-section-height-default elementor-section-height-default\" data-id=\"a70ed5f\" data-element_type=\"section\" data-e-type=\"section\">\n\t\t\t\t\t\t<div class=\"elementor-container elementor-column-gap-default\">\n\t\t\t\t\t<div class=\"elementor-column elementor-col-100 elementor-top-column elementor-element elementor-element-8b52e76\" data-id=\"8b52e76\" data-element_type=\"column\" data-e-type=\"column\">\n\t\t\t<div class=\"elementor-widget-wrap elementor-element-populated\">\n\t\t\t\t\t\t<div class=\"elementor-element elementor-element-8658895 elementor-widget elementor-widget-spacer\" data-id=\"8658895\" data-element_type=\"widget\" data-e-type=\"widget\" data-widget_type=\"spacer.default\">\n\t\t\t\t<div class=\"elementor-widget-container\">\n\t\t\t\t\t\t\t<div class=\"elementor-spacer\">\n\t\t\t<div class=\"elementor-spacer-inner\"><\/div>\n\t\t<\/div>\n\t\t\t\t\t\t<\/div>\n\t\t\t\t<\/div>\n\t\t\t\t\t<\/div>\n\t\t<\/div>\n\t\t\t\t\t<\/div>\n\t\t<\/section>\n\t\t\t\t<section class=\"elementor-section elementor-top-section elementor-element elementor-element-6986aed elementor-section-boxed elementor-section-height-default elementor-section-height-default\" data-id=\"6986aed\" data-element_type=\"section\" data-e-type=\"section\">\n\t\t\t\t\t\t<div class=\"elementor-container elementor-column-gap-default\">\n\t\t\t\t\t<div class=\"elementor-column elementor-col-100 elementor-top-column elementor-element elementor-element-01c65ad\" data-id=\"01c65ad\" data-element_type=\"column\" data-e-type=\"column\">\n\t\t\t<div class=\"elementor-widget-wrap elementor-element-populated\">\n\t\t\t\t\t\t<div class=\"elementor-element elementor-element-c522435 elementor-widget elementor-widget-text-editor\" data-id=\"c522435\" data-element_type=\"widget\" data-e-type=\"widget\" data-widget_type=\"text-editor.default\">\n\t\t\t\t<div class=\"elementor-widget-container\">\n\t\t\t\t\t\t\t\t\t<p>We offer carefully selected fresh products guaranteeing freshness and flavor, which meet the most demanding quality and safety requirements of our international customers.<\/p>\t\t\t\t\t\t\t\t<\/div>\n\t\t\t\t<\/div>\n\t\t\t\t\t<\/div>\n\t\t<\/div>\n\t\t\t\t\t<\/div>\n\t\t<\/section>\n\t\t\t\t<section class=\"elementor-section elementor-top-section elementor-element elementor-element-b8667dd elementor-section-boxed elementor-section-height-default elementor-section-height-default\" data-id=\"b8667dd\" data-element_type=\"section\" data-e-type=\"section\">\n\t\t\t\t\t\t<div class=\"elementor-container elementor-column-gap-default\">\n\t\t\t\t\t<div class=\"elementor-column elementor-col-33 elementor-top-column elementor-element elementor-element-24165bc\" data-id=\"24165bc\" data-element_type=\"column\" data-e-type=\"column\">\n\t\t\t<div class=\"elementor-widget-wrap elementor-element-populated\">\n\t\t\t\t\t\t<div class=\"elementor-element elementor-element-38c1cc7 elementor-widget elementor-widget-image\" data-id=\"38c1cc7\" data-element_type=\"widget\" data-e-type=\"widget\" data-widget_type=\"image.default\">\n\t\t\t\t<div class=\"elementor-widget-container\">\n\t\t\t\t\t\t\t\t\t\t\t\t\t\t\t<img fetchpriority=\"high\" decoding=\"async\" width=\"1024\" height=\"1024\" src=\"https:\/\/bamex.com.mx\/wp-content\/uploads\/2022\/10\/broccoli-2.jpg\" class=\"attachment-full size-full wp-image-5324\" alt=\"\" srcset=\"https:\/\/bamex.com.mx\/wp-content\/uploads\/2022\/10\/broccoli-2.jpg 1024w, https:\/\/bamex.com.mx\/wp-content\/uploads\/2022\/10\/broccoli-2-300x300.jpg 300w, https:\/\/bamex.com.mx\/wp-content\/uploads\/2022\/10\/broccoli-2-150x150.jpg 150w, https:\/\/bamex.com.mx\/wp-content\/uploads\/2022\/10\/broccoli-2-768x768.jpg 768w, https:\/\/bamex.com.mx\/wp-content\/uploads\/2022\/10\/broccoli-2-12x12.jpg 12w\" sizes=\"(max-width: 1024px) 100vw, 1024px\" \/>\t\t\t\t\t\t\t\t\t\t\t\t\t\t\t<\/div>\n\t\t\t\t<\/div>\n\t\t\t\t<div class=\"elementor-element elementor-element-b66278e elementor-widget elementor-widget-text-editor\" data-id=\"b66278e\" data-element_type=\"widget\" data-e-type=\"widget\" data-widget_type=\"text-editor.default\">\n\t\t\t\t<div class=\"elementor-widget-container\">\n\t\t\t\t\t\t\t\t\t<p>Broccoli Crowns<\/p>\t\t\t\t\t\t\t\t<\/div>\n\t\t\t\t<\/div>\n\t\t\t\t<div class=\"elementor-element elementor-element-59c7ff3 elementor-widget elementor-widget-text-editor\" data-id=\"59c7ff3\" data-element_type=\"widget\" data-e-type=\"widget\" data-widget_type=\"text-editor.default\">\n\t\t\t\t<div class=\"elementor-widget-container\">\n\t\t\t\t\t\t\t\t\t<ul><li>Production: Guanajuato and Puebla.<\/li><li>Inches per crown : 5 to 7 inches (12.7 cm to 17.8 cm).<\/li><li>Weight per box: 22 lb (10 kg)<\/li><li>Boxes per pallet: 56 boxes<\/li><\/ul>\t\t\t\t\t\t\t\t<\/div>\n\t\t\t\t<\/div>\n\t\t\t\t\t<\/div>\n\t\t<\/div>\n\t\t\t\t<div class=\"elementor-column elementor-col-33 elementor-top-column elementor-element elementor-element-8c38ace\" data-id=\"8c38ace\" data-element_type=\"column\" data-e-type=\"column\">\n\t\t\t<div class=\"elementor-widget-wrap elementor-element-populated\">\n\t\t\t\t\t\t<div class=\"elementor-element elementor-element-fea32ed elementor-widget elementor-widget-image\" data-id=\"fea32ed\" data-element_type=\"widget\" data-e-type=\"widget\" data-widget_type=\"image.default\">\n\t\t\t\t<div class=\"elementor-widget-container\">\n\t\t\t\t\t\t\t\t\t\t\t\t\t\t\t<img decoding=\"async\" width=\"1024\" height=\"1024\" src=\"https:\/\/bamex.com.mx\/wp-content\/uploads\/2022\/10\/jumbo-carrots-1.jpg\" class=\"attachment-full size-full wp-image-5212\" alt=\"\" srcset=\"https:\/\/bamex.com.mx\/wp-content\/uploads\/2022\/10\/jumbo-carrots-1.jpg 1024w, https:\/\/bamex.com.mx\/wp-content\/uploads\/2022\/10\/jumbo-carrots-1-300x300.jpg 300w, https:\/\/bamex.com.mx\/wp-content\/uploads\/2022\/10\/jumbo-carrots-1-150x150.jpg 150w, https:\/\/bamex.com.mx\/wp-content\/uploads\/2022\/10\/jumbo-carrots-1-768x768.jpg 768w, https:\/\/bamex.com.mx\/wp-content\/uploads\/2022\/10\/jumbo-carrots-1-12x12.jpg 12w\" sizes=\"(max-width: 1024px) 100vw, 1024px\" \/>\t\t\t\t\t\t\t\t\t\t\t\t\t\t\t<\/div>\n\t\t\t\t<\/div>\n\t\t\t\t<div class=\"elementor-element elementor-element-acdac3b elementor-widget elementor-widget-text-editor\" data-id=\"acdac3b\" data-element_type=\"widget\" data-e-type=\"widget\" data-widget_type=\"text-editor.default\">\n\t\t\t\t<div class=\"elementor-widget-container\">\n\t\t\t\t\t\t\t\t\t<p>Carrot<\/p>\t\t\t\t\t\t\t\t<\/div>\n\t\t\t\t<\/div>\n\t\t\t\t<div class=\"elementor-element elementor-element-98f5df9 elementor-widget elementor-widget-text-editor\" data-id=\"98f5df9\" data-element_type=\"widget\" data-e-type=\"widget\" data-widget_type=\"text-editor.default\">\n\t\t\t\t<div class=\"elementor-widget-container\">\n\t\t\t\t\t\t\t\t\t<ul>\n \t<li>Production: Guanajuato and Puebla.<\/li>\n \t<li>Sizes: Medium, Large, Jumbo<\/li>\n \t<li>Weight per box: 50 lb (22.6 kg)<\/li>\n \t<li>Bags per pallet: 50 bags<\/li>\n<\/ul>\t\t\t\t\t\t\t\t<\/div>\n\t\t\t\t<\/div>\n\t\t\t\t\t<\/div>\n\t\t<\/div>\n\t\t\t\t<div class=\"elementor-column elementor-col-33 elementor-top-column elementor-element elementor-element-87bd4b6\" data-id=\"87bd4b6\" data-element_type=\"column\" data-e-type=\"column\">\n\t\t\t<div class=\"elementor-widget-wrap elementor-element-populated\">\n\t\t\t\t\t\t<div class=\"elementor-element elementor-element-6548e51 elementor-widget elementor-widget-image\" data-id=\"6548e51\" data-element_type=\"widget\" data-e-type=\"widget\" data-widget_type=\"image.default\">\n\t\t\t\t<div class=\"elementor-widget-container\">\n\t\t\t\t\t\t\t\t\t\t\t\t\t\t\t<img decoding=\"async\" width=\"1024\" height=\"1024\" src=\"https:\/\/bamex.com.mx\/wp-content\/uploads\/2023\/11\/cucumber2.jpg\" class=\"attachment-full size-full wp-image-5763\" alt=\"\" srcset=\"https:\/\/bamex.com.mx\/wp-content\/uploads\/2023\/11\/cucumber2.jpg 1024w, https:\/\/bamex.com.mx\/wp-content\/uploads\/2023\/11\/cucumber2-300x300.jpg 300w, https:\/\/bamex.com.mx\/wp-content\/uploads\/2023\/11\/cucumber2-150x150.jpg 150w, https:\/\/bamex.com.mx\/wp-content\/uploads\/2023\/11\/cucumber2-768x768.jpg 768w, https:\/\/bamex.com.mx\/wp-content\/uploads\/2023\/11\/cucumber2-12x12.jpg 12w\" sizes=\"(max-width: 1024px) 100vw, 1024px\" \/>\t\t\t\t\t\t\t\t\t\t\t\t\t\t\t<\/div>\n\t\t\t\t<\/div>\n\t\t\t\t<div class=\"elementor-element elementor-element-83871ac elementor-widget elementor-widget-text-editor\" data-id=\"83871ac\" data-element_type=\"widget\" data-e-type=\"widget\" data-widget_type=\"text-editor.default\">\n\t\t\t\t<div class=\"elementor-widget-container\">\n\t\t\t\t\t\t\t\t\t<p>Cucumber<\/p>\t\t\t\t\t\t\t\t<\/div>\n\t\t\t\t<\/div>\n\t\t\t\t<div class=\"elementor-element elementor-element-e10b160 elementor-widget elementor-widget-text-editor\" data-id=\"e10b160\" data-element_type=\"widget\" data-e-type=\"widget\" data-widget_type=\"text-editor.default\">\n\t\t\t\t<div class=\"elementor-widget-container\">\n\t\t\t\t\t\t\t\t\t<ul>\n \t<li>Production: Puebla and Morelos<\/li>\n \t<li>Sizes: Select, Super Select, Large<\/li>\n \t<li>Weight per box: 55 lb (25 kg)<\/li>\n \t<li>Boxes per pallet: 42 boxes<\/li>\n<\/ul>\t\t\t\t\t\t\t\t<\/div>\n\t\t\t\t<\/div>\n\t\t\t\t\t<\/div>\n\t\t<\/div>\n\t\t\t\t\t<\/div>\n\t\t<\/section>\n\t\t\t\t<section class=\"elementor-section elementor-top-section elementor-element elementor-element-e684886 elementor-section-boxed elementor-section-height-default elementor-section-height-default\" data-id=\"e684886\" data-element_type=\"section\" data-e-type=\"section\">\n\t\t\t\t\t\t<div class=\"elementor-container elementor-column-gap-default\">\n\t\t\t\t\t<div class=\"elementor-column elementor-col-33 elementor-top-column elementor-element elementor-element-ecb1848\" data-id=\"ecb1848\" data-element_type=\"column\" data-e-type=\"column\">\n\t\t\t<div class=\"elementor-widget-wrap elementor-element-populated\">\n\t\t\t\t\t\t<div class=\"elementor-element elementor-element-81586f1 elementor-widget elementor-widget-image\" data-id=\"81586f1\" data-element_type=\"widget\" data-e-type=\"widget\" data-widget_type=\"image.default\">\n\t\t\t\t<div class=\"elementor-widget-container\">\n\t\t\t\t\t\t\t\t\t\t\t\t\t\t\t<img loading=\"lazy\" decoding=\"async\" width=\"1024\" height=\"1024\" src=\"https:\/\/bamex.com.mx\/wp-content\/uploads\/2022\/10\/cebolla-2.jpg\" class=\"attachment-full size-full wp-image-5360\" alt=\"\" srcset=\"https:\/\/bamex.com.mx\/wp-content\/uploads\/2022\/10\/cebolla-2.jpg 1024w, https:\/\/bamex.com.mx\/wp-content\/uploads\/2022\/10\/cebolla-2-300x300.jpg 300w, https:\/\/bamex.com.mx\/wp-content\/uploads\/2022\/10\/cebolla-2-150x150.jpg 150w, https:\/\/bamex.com.mx\/wp-content\/uploads\/2022\/10\/cebolla-2-768x768.jpg 768w, https:\/\/bamex.com.mx\/wp-content\/uploads\/2022\/10\/cebolla-2-12x12.jpg 12w\" sizes=\"(max-width: 1024px) 100vw, 1024px\" \/>\t\t\t\t\t\t\t\t\t\t\t\t\t\t\t<\/div>\n\t\t\t\t<\/div>\n\t\t\t\t<div class=\"elementor-element elementor-element-24e9649 elementor-widget elementor-widget-text-editor\" data-id=\"24e9649\" data-element_type=\"widget\" data-e-type=\"widget\" data-widget_type=\"text-editor.default\">\n\t\t\t\t<div class=\"elementor-widget-container\">\n\t\t\t\t\t\t\t\t\t<p>Onion<\/p>\t\t\t\t\t\t\t\t<\/div>\n\t\t\t\t<\/div>\n\t\t\t\t<div class=\"elementor-element elementor-element-a57965d elementor-widget elementor-widget-text-editor\" data-id=\"a57965d\" data-element_type=\"widget\" data-e-type=\"widget\" data-widget_type=\"text-editor.default\">\n\t\t\t\t<div class=\"elementor-widget-container\">\n\t\t\t\t\t\t\t\t\t<ul>\n \t<li>Production: Morelos and Puebla<\/li>\n \t<li>Sizes: Medium, Extra, Jumbo<\/li>\n \t<li>Weight per bag: 25 lb (11.3 kg) or 50 lb (22.6 kg)<\/li>\n \t<li>Bags per pallet: 90 bags (25lb) 40 bags (50)lb<\/li>\n<\/ul>\t\t\t\t\t\t\t\t<\/div>\n\t\t\t\t<\/div>\n\t\t\t\t\t<\/div>\n\t\t<\/div>\n\t\t\t\t<div class=\"elementor-column elementor-col-33 elementor-top-column elementor-element elementor-element-115068b\" data-id=\"115068b\" data-element_type=\"column\" data-e-type=\"column\">\n\t\t\t<div class=\"elementor-widget-wrap elementor-element-populated\">\n\t\t\t\t\t\t<div class=\"elementor-element elementor-element-57bfea5 elementor-widget elementor-widget-image\" data-id=\"57bfea5\" data-element_type=\"widget\" data-e-type=\"widget\" data-widget_type=\"image.default\">\n\t\t\t\t<div class=\"elementor-widget-container\">\n\t\t\t\t\t\t\t\t\t\t\t\t\t\t\t<img loading=\"lazy\" decoding=\"async\" width=\"1080\" height=\"1080\" src=\"https:\/\/bamex.com.mx\/wp-content\/uploads\/2023\/11\/10681-Cebolla_Morada.jpg\" class=\"attachment-full size-full wp-image-5794\" alt=\"\" srcset=\"https:\/\/bamex.com.mx\/wp-content\/uploads\/2023\/11\/10681-Cebolla_Morada.jpg 1080w, https:\/\/bamex.com.mx\/wp-content\/uploads\/2023\/11\/10681-Cebolla_Morada-300x300.jpg 300w, https:\/\/bamex.com.mx\/wp-content\/uploads\/2023\/11\/10681-Cebolla_Morada-1024x1024.jpg 1024w, https:\/\/bamex.com.mx\/wp-content\/uploads\/2023\/11\/10681-Cebolla_Morada-150x150.jpg 150w, https:\/\/bamex.com.mx\/wp-content\/uploads\/2023\/11\/10681-Cebolla_Morada-768x768.jpg 768w, https:\/\/bamex.com.mx\/wp-content\/uploads\/2023\/11\/10681-Cebolla_Morada-12x12.jpg 12w\" sizes=\"(max-width: 1080px) 100vw, 1080px\" \/>\t\t\t\t\t\t\t\t\t\t\t\t\t\t\t<\/div>\n\t\t\t\t<\/div>\n\t\t\t\t<div class=\"elementor-element elementor-element-b55fa9e elementor-widget elementor-widget-text-editor\" data-id=\"b55fa9e\" data-element_type=\"widget\" data-e-type=\"widget\" data-widget_type=\"text-editor.default\">\n\t\t\t\t<div class=\"elementor-widget-container\">\n\t\t\t\t\t\t\t\t\t<p>Purple Onion<\/p>\t\t\t\t\t\t\t\t<\/div>\n\t\t\t\t<\/div>\n\t\t\t\t<div class=\"elementor-element elementor-element-2871b79 elementor-widget elementor-widget-text-editor\" data-id=\"2871b79\" data-element_type=\"widget\" data-e-type=\"widget\" data-widget_type=\"text-editor.default\">\n\t\t\t\t<div class=\"elementor-widget-container\">\n\t\t\t\t\t\t\t\t\t<ul>\n \t<li>Production: Morelos and Puebla<\/li>\n \t<li>Sizes: Medium, Extra, Jumbo<\/li>\n \t<li>Weight per bag: 25 lb (11.3 kg) or 50 lb (22.6 kg)<\/li>\n \t<li>Bags per pallet: 90 bags (25lb) 40 bags (50)lb<\/li>\n<\/ul>\t\t\t\t\t\t\t\t<\/div>\n\t\t\t\t<\/div>\n\t\t\t\t\t<\/div>\n\t\t<\/div>\n\t\t\t\t<div class=\"elementor-column elementor-col-33 elementor-top-column elementor-element elementor-element-f551d0d\" data-id=\"f551d0d\" data-element_type=\"column\" data-e-type=\"column\">\n\t\t\t<div class=\"elementor-widget-wrap\">\n\t\t\t\t\t\t\t<\/div>\n\t\t<\/div>\n\t\t\t\t\t<\/div>\n\t\t<\/section>\n\t\t\t\t<\/div>","protected":false},"excerpt":{"rendered":"<p>Ofrecemos productos frescos seleccionados cuidadosamente garantizando frescura y sabor, que cumplen con los requisitos m\u00e1s exigentes de calidad e inocuidad de nuestros clientes internacionales. Coronas de Br\u00f3coli Producci\u00f3n: Guanajuato y Puebla Pulgadas por corona: 5 a 7 pulgadas (12,7 cm a 17,8 cm) Peso por caja: 22 libras (10 kg) Cajas por palet: 56 cajas &hellip;<\/p>","protected":false},"author":2,"featured_media":0,"parent":0,"menu_order":0,"comment_status":"closed","ping_status":"closed","template":"elementor_header_footer","meta":{"footnotes":""},"class_list":["post-5897","page","type-page","status-publish","hentry"],"_links":{"self":[{"href":"https:\/\/bamex.com.mx\/en\/wp-json\/wp\/v2\/pages\/5897","targetHints":{"allow":["GET"]}}],"collection":[{"href":"https:\/\/bamex.com.mx\/en\/wp-json\/wp\/v2\/pages"}],"about":[{"href":"https:\/\/bamex.com.mx\/en\/wp-json\/wp\/v2\/types\/page"}],"author":[{"embeddable":true,"href":"https:\/\/bamex.com.mx\/en\/wp-json\/wp\/v2\/users\/2"}],"replies":[{"embeddable":true,"href":"https:\/\/bamex.com.mx\/en\/wp-json\/wp\/v2\/comments?post=5897"}],"version-history":[{"count":131,"href":"https:\/\/bamex.com.mx\/en\/wp-json\/wp\/v2\/pages\/5897\/revisions"}],"predecessor-version":[{"id":6151,"href":"https:\/\/bamex.com.mx\/en\/wp-json\/wp\/v2\/pages\/5897\/revisions\/6151"}],"wp:attachment":[{"href":"https:\/\/bamex.com.mx\/en\/wp-json\/wp\/v2\/media?parent=5897"}],"curies":[{"name":"wp","href":"https:\/\/api.w.org\/{rel}","templated":true}]}}