{"id":4441,"date":"2021-09-29T06:22:48","date_gmt":"2021-09-29T06:22:48","guid":{"rendered":"https:\/\/bamex.com.mx\/?page_id=4441"},"modified":"2023-11-28T22:57:31","modified_gmt":"2023-11-28T22:57:31","slug":"nosotros","status":"publish","type":"page","link":"https:\/\/bamex.com.mx\/en\/nosotros\/","title":{"rendered":"About Us"},"content":{"rendered":"<div data-elementor-type=\"wp-page\" data-elementor-id=\"4441\" class=\"elementor elementor-4441\">\n\t\t\t\t\t\t<section class=\"elementor-section elementor-top-section elementor-element elementor-element-5ec00dc elementor-section-full_width elementor-section-height-default elementor-section-height-default\" data-id=\"5ec00dc\" data-element_type=\"section\" data-e-type=\"section\" data-settings=\"{&quot;background_background&quot;:&quot;classic&quot;}\">\n\t\t\t\t\t\t\t<div class=\"elementor-background-overlay\"><\/div>\n\t\t\t\t\t\t\t<div class=\"elementor-container elementor-column-gap-default\">\n\t\t\t\t\t<div class=\"elementor-column elementor-col-100 elementor-top-column elementor-element elementor-element-c16f28c\" data-id=\"c16f28c\" data-element_type=\"column\" data-e-type=\"column\">\n\t\t\t<div class=\"elementor-widget-wrap elementor-element-populated\">\n\t\t\t\t\t\t<div class=\"elementor-element elementor-element-62aae9f elementor-widget elementor-widget-heading\" data-id=\"62aae9f\" data-element_type=\"widget\" data-e-type=\"widget\" data-widget_type=\"heading.default\">\n\t\t\t\t<div class=\"elementor-widget-container\">\n\t\t\t\t\t<h2 class=\"elementor-heading-title elementor-size-default\">Who are we?<\/h2>\t\t\t\t<\/div>\n\t\t\t\t<\/div>\n\t\t\t\t\t<\/div>\n\t\t<\/div>\n\t\t\t\t\t<\/div>\n\t\t<\/section>\n\t\t\t\t<section class=\"elementor-section elementor-top-section elementor-element elementor-element-44323a8 elementor-section-boxed elementor-section-height-default elementor-section-height-default\" data-id=\"44323a8\" data-element_type=\"section\" data-e-type=\"section\">\n\t\t\t\t\t\t<div class=\"elementor-container elementor-column-gap-default\">\n\t\t\t\t\t<div class=\"elementor-column elementor-col-100 elementor-top-column elementor-element elementor-element-ace5591\" data-id=\"ace5591\" data-element_type=\"column\" data-e-type=\"column\">\n\t\t\t<div class=\"elementor-widget-wrap elementor-element-populated\">\n\t\t\t\t\t\t<section class=\"elementor-section elementor-inner-section elementor-element elementor-element-ae2fbec elementor-section-content-bottom elementor-reverse-mobile elementor-section-boxed elementor-section-height-default elementor-section-height-default\" data-id=\"ae2fbec\" data-element_type=\"section\" data-e-type=\"section\">\n\t\t\t\t\t\t<div class=\"elementor-container elementor-column-gap-no\">\n\t\t\t\t\t<div class=\"elementor-column elementor-col-50 elementor-inner-column elementor-element elementor-element-956a7aa\" data-id=\"956a7aa\" data-element_type=\"column\" data-e-type=\"column\">\n\t\t\t<div class=\"elementor-widget-wrap elementor-element-populated\">\n\t\t\t\t\t\t<div class=\"elementor-element elementor-element-03303bd elementor-widget elementor-widget-image\" data-id=\"03303bd\" data-element_type=\"widget\" data-e-type=\"widget\" data-widget_type=\"image.default\">\n\t\t\t\t<div class=\"elementor-widget-container\">\n\t\t\t\t\t\t\t\t\t\t\t\t\t\t\t<img fetchpriority=\"high\" decoding=\"async\" width=\"1280\" height=\"960\" src=\"https:\/\/bamex.com.mx\/wp-content\/uploads\/2022\/10\/James-Light-field-1ge1duf.jpg\" class=\"attachment-full size-full wp-image-5309\" alt=\"\" srcset=\"https:\/\/bamex.com.mx\/wp-content\/uploads\/2022\/10\/James-Light-field-1ge1duf.jpg 1280w, https:\/\/bamex.com.mx\/wp-content\/uploads\/2022\/10\/James-Light-field-1ge1duf-300x225.jpg 300w, https:\/\/bamex.com.mx\/wp-content\/uploads\/2022\/10\/James-Light-field-1ge1duf-1024x768.jpg 1024w, https:\/\/bamex.com.mx\/wp-content\/uploads\/2022\/10\/James-Light-field-1ge1duf-768x576.jpg 768w, https:\/\/bamex.com.mx\/wp-content\/uploads\/2022\/10\/James-Light-field-1ge1duf-16x12.jpg 16w\" sizes=\"(max-width: 1280px) 100vw, 1280px\" \/>\t\t\t\t\t\t\t\t\t\t\t\t\t\t\t<\/div>\n\t\t\t\t<\/div>\n\t\t\t\t\t<\/div>\n\t\t<\/div>\n\t\t\t\t<div class=\"elementor-column elementor-col-50 elementor-inner-column elementor-element elementor-element-eb242ab\" data-id=\"eb242ab\" data-element_type=\"column\" data-e-type=\"column\">\n\t\t\t<div class=\"elementor-widget-wrap elementor-element-populated\">\n\t\t\t\t\t\t<div class=\"elementor-element elementor-element-6c7c366 elementor-widget elementor-widget-heading\" data-id=\"6c7c366\" data-element_type=\"widget\" data-e-type=\"widget\" data-widget_type=\"heading.default\">\n\t\t\t\t<div class=\"elementor-widget-container\">\n\t\t\t\t\t<h2 class=\"elementor-heading-title elementor-size-default\">About Us<\/h2>\t\t\t\t<\/div>\n\t\t\t\t<\/div>\n\t\t\t\t<div class=\"elementor-element elementor-element-896aa99 elementor-widget elementor-widget-text-editor\" data-id=\"896aa99\" data-element_type=\"widget\" data-e-type=\"widget\" data-widget_type=\"text-editor.default\">\n\t\t\t\t<div class=\"elementor-widget-container\">\n\t\t\t\t\t\t\t\t\t<p>We are a 100% mexican company specialized in the packaging, distribution, commercialization, and export of fresh produce.<\/p><p>We make sure that our business partners have all the health, safety and service certificates, including the requirements of <strong>SENASICA<\/strong> and certification <strong>PRIMUS GFS<\/strong>, to guarantee freshness, quality, and excellent service to our customers.<\/p>\t\t\t\t\t\t\t\t<\/div>\n\t\t\t\t<\/div>\n\t\t\t\t\t<\/div>\n\t\t<\/div>\n\t\t\t\t\t<\/div>\n\t\t<\/section>\n\t\t\t\t\t<\/div>\n\t\t<\/div>\n\t\t\t\t\t<\/div>\n\t\t<\/section>\n\t\t\t\t<section class=\"elementor-section elementor-top-section elementor-element elementor-element-dcd39f1 elementor-section-boxed elementor-section-height-default elementor-section-height-default\" data-id=\"dcd39f1\" data-element_type=\"section\" data-e-type=\"section\">\n\t\t\t\t\t\t<div class=\"elementor-container elementor-column-gap-default\">\n\t\t\t\t\t<div class=\"elementor-column elementor-col-100 elementor-top-column elementor-element elementor-element-43b27ee\" data-id=\"43b27ee\" data-element_type=\"column\" data-e-type=\"column\">\n\t\t\t<div class=\"elementor-widget-wrap elementor-element-populated\">\n\t\t\t\t\t\t<section class=\"elementor-section elementor-inner-section elementor-element elementor-element-3ba4ba7 elementor-section-boxed elementor-section-height-default elementor-section-height-default\" data-id=\"3ba4ba7\" data-element_type=\"section\" data-e-type=\"section\">\n\t\t\t\t\t\t<div class=\"elementor-container elementor-column-gap-wider\">\n\t\t\t\t\t<div class=\"elementor-column elementor-col-50 elementor-inner-column elementor-element elementor-element-2221109\" data-id=\"2221109\" data-element_type=\"column\" data-e-type=\"column\">\n\t\t\t<div class=\"elementor-widget-wrap elementor-element-populated\">\n\t\t\t\t\t\t<div class=\"elementor-element elementor-element-cd211c9 elementor-widget elementor-widget-image-box\" data-id=\"cd211c9\" data-element_type=\"widget\" data-e-type=\"widget\" data-widget_type=\"image-box.default\">\n\t\t\t\t<div class=\"elementor-widget-container\">\n\t\t\t\t\t<div class=\"elementor-image-box-wrapper\"><div class=\"elementor-image-box-content\"><h3 class=\"elementor-image-box-title\">Mission<\/h3><p class=\"elementor-image-box-description\">Produce, package and market agricultural products with quality, flavor and nutrition.\n<\/p><\/div><\/div>\t\t\t\t<\/div>\n\t\t\t\t<\/div>\n\t\t\t\t\t<\/div>\n\t\t<\/div>\n\t\t\t\t<div class=\"elementor-column elementor-col-50 elementor-inner-column elementor-element elementor-element-0f7685b\" data-id=\"0f7685b\" data-element_type=\"column\" data-e-type=\"column\">\n\t\t\t<div class=\"elementor-widget-wrap elementor-element-populated\">\n\t\t\t\t\t\t<div class=\"elementor-element elementor-element-e2abb49 elementor-widget elementor-widget-image-box\" data-id=\"e2abb49\" data-element_type=\"widget\" data-e-type=\"widget\" data-widget_type=\"image-box.default\">\n\t\t\t\t<div class=\"elementor-widget-container\">\n\t\t\t\t\t<div class=\"elementor-image-box-wrapper\"><div class=\"elementor-image-box-content\"><h3 class=\"elementor-image-box-title\">Vision<\/h3><p class=\"elementor-image-box-description\">To be leaders in the agricultural sector having a positive impact on the economic and social aspects throughout our value chain.\n<\/p><\/div><\/div>\t\t\t\t<\/div>\n\t\t\t\t<\/div>\n\t\t\t\t\t<\/div>\n\t\t<\/div>\n\t\t\t\t\t<\/div>\n\t\t<\/section>\n\t\t\t\t\t<\/div>\n\t\t<\/div>\n\t\t\t\t\t<\/div>\n\t\t<\/section>\n\t\t\t\t<section class=\"elementor-section elementor-top-section elementor-element elementor-element-cc899b5 elementor-hidden-desktop elementor-hidden-tablet elementor-section-boxed elementor-section-height-default elementor-section-height-default\" data-id=\"cc899b5\" data-element_type=\"section\" data-e-type=\"section\">\n\t\t\t\t\t\t<div class=\"elementor-container elementor-column-gap-default\">\n\t\t\t\t\t<div class=\"elementor-column elementor-col-50 elementor-top-column elementor-element elementor-element-9cdcd75\" data-id=\"9cdcd75\" data-element_type=\"column\" data-e-type=\"column\">\n\t\t\t<div class=\"elementor-widget-wrap elementor-element-populated\">\n\t\t\t\t\t\t<div class=\"elementor-element elementor-element-5afc8cd elementor-widget elementor-widget-image\" data-id=\"5afc8cd\" data-element_type=\"widget\" data-e-type=\"widget\" data-widget_type=\"image.default\">\n\t\t\t\t<div class=\"elementor-widget-container\">\n\t\t\t\t\t\t\t\t\t\t\t\t\t\t\t<img decoding=\"async\" width=\"1024\" height=\"754\" src=\"https:\/\/bamex.com.mx\/wp-content\/uploads\/2022\/10\/86141_original-1024x754.jpg\" class=\"attachment-large size-large wp-image-5316\" alt=\"\" srcset=\"https:\/\/bamex.com.mx\/wp-content\/uploads\/2022\/10\/86141_original-1024x754.jpg 1024w, https:\/\/bamex.com.mx\/wp-content\/uploads\/2022\/10\/86141_original-300x221.jpg 300w, https:\/\/bamex.com.mx\/wp-content\/uploads\/2022\/10\/86141_original-768x565.jpg 768w, https:\/\/bamex.com.mx\/wp-content\/uploads\/2022\/10\/86141_original-1536x1131.jpg 1536w, https:\/\/bamex.com.mx\/wp-content\/uploads\/2022\/10\/86141_original-2048x1508.jpg 2048w, https:\/\/bamex.com.mx\/wp-content\/uploads\/2022\/10\/86141_original-16x12.jpg 16w\" sizes=\"(max-width: 1024px) 100vw, 1024px\" \/>\t\t\t\t\t\t\t\t\t\t\t\t\t\t\t<\/div>\n\t\t\t\t<\/div>\n\t\t\t\t\t<\/div>\n\t\t<\/div>\n\t\t\t\t<div class=\"elementor-column elementor-col-50 elementor-top-column elementor-element elementor-element-9f8d0c1\" data-id=\"9f8d0c1\" data-element_type=\"column\" data-e-type=\"column\">\n\t\t\t<div class=\"elementor-widget-wrap elementor-element-populated\">\n\t\t\t\t\t\t<div class=\"elementor-element elementor-element-9a45232 elementor-widget elementor-widget-heading\" data-id=\"9a45232\" data-element_type=\"widget\" data-e-type=\"widget\" data-widget_type=\"heading.default\">\n\t\t\t\t<div class=\"elementor-widget-container\">\n\t\t\t\t\t<h2 class=\"elementor-heading-title elementor-size-default\">Our organization<\/h2>\t\t\t\t<\/div>\n\t\t\t\t<\/div>\n\t\t\t\t<div class=\"elementor-element elementor-element-85db7ba elementor-widget elementor-widget-text-editor\" data-id=\"85db7ba\" data-element_type=\"widget\" data-e-type=\"widget\" data-widget_type=\"text-editor.default\">\n\t\t\t\t<div class=\"elementor-widget-container\">\n\t\t\t\t\t\t\t\t\t<p>In <strong>BAMEX<\/strong> we strive to offer optimal processes through innovation and continuous improvement for the national and international commercialization of fresh vegetables.<\/p><p>We work with high quality standards and a structured supply chain, with the aim of satisfying our customers, giving priority to their needs to grow organically, guaranteeing a human approach throughout our value chain while contributing to the economic development of rural areas where we have presence, raising awareness of the environment and the personal growth of our employees.<\/p>\t\t\t\t\t\t\t\t<\/div>\n\t\t\t\t<\/div>\n\t\t\t\t\t<\/div>\n\t\t<\/div>\n\t\t\t\t\t<\/div>\n\t\t<\/section>\n\t\t\t\t<section class=\"elementor-section elementor-top-section elementor-element elementor-element-99d9d83 elementor-hidden-tablet elementor-hidden-mobile elementor-section-boxed elementor-section-height-default elementor-section-height-default\" data-id=\"99d9d83\" data-element_type=\"section\" data-e-type=\"section\">\n\t\t\t\t\t\t<div class=\"elementor-container elementor-column-gap-default\">\n\t\t\t\t\t<div class=\"elementor-column elementor-col-50 elementor-top-column elementor-element elementor-element-f12472d\" data-id=\"f12472d\" data-element_type=\"column\" data-e-type=\"column\">\n\t\t\t<div class=\"elementor-widget-wrap elementor-element-populated\">\n\t\t\t\t\t\t<div class=\"elementor-element elementor-element-7c84062 elementor-widget elementor-widget-heading\" data-id=\"7c84062\" data-element_type=\"widget\" data-e-type=\"widget\" data-widget_type=\"heading.default\">\n\t\t\t\t<div class=\"elementor-widget-container\">\n\t\t\t\t\t<h2 class=\"elementor-heading-title elementor-size-default\">Our organization<\/h2>\t\t\t\t<\/div>\n\t\t\t\t<\/div>\n\t\t\t\t<div class=\"elementor-element elementor-element-8d6c7c0 elementor-widget elementor-widget-text-editor\" data-id=\"8d6c7c0\" data-element_type=\"widget\" data-e-type=\"widget\" data-widget_type=\"text-editor.default\">\n\t\t\t\t<div class=\"elementor-widget-container\">\n\t\t\t\t\t\t\t\t\t<p>In <strong>BAMEX<\/strong> we strive to offer optimal processes through innovation and continuous improvement for the national and international commercialization of fresh vegetables.<\/p><p>We work with high quality standards and a structured supply chain, with the aim of satisfying our customers, giving priority to their needs to grow organically, guaranteeing a human approach throughout our value chain while contributing to the economic development of rural areas where we have presence, raising awareness of the environment and the personal growth of our employees.<\/p>\t\t\t\t\t\t\t\t<\/div>\n\t\t\t\t<\/div>\n\t\t\t\t\t<\/div>\n\t\t<\/div>\n\t\t\t\t<div class=\"elementor-column elementor-col-50 elementor-top-column elementor-element elementor-element-d102e44\" data-id=\"d102e44\" data-element_type=\"column\" data-e-type=\"column\">\n\t\t\t<div class=\"elementor-widget-wrap elementor-element-populated\">\n\t\t\t\t\t\t<div class=\"elementor-element elementor-element-12f9d29 elementor-widget elementor-widget-image\" data-id=\"12f9d29\" data-element_type=\"widget\" data-e-type=\"widget\" data-widget_type=\"image.default\">\n\t\t\t\t<div class=\"elementor-widget-container\">\n\t\t\t\t\t\t\t\t\t\t\t\t\t\t\t<img decoding=\"async\" width=\"1024\" height=\"754\" src=\"https:\/\/bamex.com.mx\/wp-content\/uploads\/2022\/10\/86141_original-1024x754.jpg\" class=\"attachment-large size-large wp-image-5316\" alt=\"\" srcset=\"https:\/\/bamex.com.mx\/wp-content\/uploads\/2022\/10\/86141_original-1024x754.jpg 1024w, https:\/\/bamex.com.mx\/wp-content\/uploads\/2022\/10\/86141_original-300x221.jpg 300w, https:\/\/bamex.com.mx\/wp-content\/uploads\/2022\/10\/86141_original-768x565.jpg 768w, https:\/\/bamex.com.mx\/wp-content\/uploads\/2022\/10\/86141_original-1536x1131.jpg 1536w, https:\/\/bamex.com.mx\/wp-content\/uploads\/2022\/10\/86141_original-2048x1508.jpg 2048w, https:\/\/bamex.com.mx\/wp-content\/uploads\/2022\/10\/86141_original-16x12.jpg 16w\" sizes=\"(max-width: 1024px) 100vw, 1024px\" \/>\t\t\t\t\t\t\t\t\t\t\t\t\t\t\t<\/div>\n\t\t\t\t<\/div>\n\t\t\t\t\t<\/div>\n\t\t<\/div>\n\t\t\t\t\t<\/div>\n\t\t<\/section>\n\t\t\t\t<section class=\"elementor-section elementor-top-section elementor-element elementor-element-9448da8 elementor-section-boxed elementor-section-height-default elementor-section-height-default\" data-id=\"9448da8\" data-element_type=\"section\" data-e-type=\"section\">\n\t\t\t\t\t\t<div class=\"elementor-container elementor-column-gap-default\">\n\t\t\t\t\t<div class=\"elementor-column elementor-col-100 elementor-top-column elementor-element elementor-element-05ce064\" data-id=\"05ce064\" data-element_type=\"column\" data-e-type=\"column\">\n\t\t\t<div class=\"elementor-widget-wrap elementor-element-populated\">\n\t\t\t\t\t\t<section class=\"elementor-section elementor-inner-section elementor-element elementor-element-f46bb8c elementor-section-boxed elementor-section-height-default elementor-section-height-default\" data-id=\"f46bb8c\" data-element_type=\"section\" data-e-type=\"section\">\n\t\t\t\t\t\t<div class=\"elementor-container elementor-column-gap-wider\">\n\t\t\t\t\t<div class=\"elementor-column elementor-col-50 elementor-inner-column elementor-element elementor-element-cf411e7\" data-id=\"cf411e7\" data-element_type=\"column\" data-e-type=\"column\">\n\t\t\t<div class=\"elementor-widget-wrap elementor-element-populated\">\n\t\t\t\t\t\t<div class=\"elementor-element elementor-element-d648e55 elementor-widget elementor-widget-image\" data-id=\"d648e55\" data-element_type=\"widget\" data-e-type=\"widget\" data-widget_type=\"image.default\">\n\t\t\t\t<div class=\"elementor-widget-container\">\n\t\t\t\t\t\t\t\t\t\t\t\t\t\t\t<img decoding=\"async\" width=\"1024\" height=\"768\" src=\"https:\/\/bamex.com.mx\/wp-content\/uploads\/2022\/10\/mgn-1280x960-10429b00-eshig-1024x768.webp\" class=\"attachment-large size-large wp-image-5442\" alt=\"\" srcset=\"https:\/\/bamex.com.mx\/wp-content\/uploads\/2022\/10\/mgn-1280x960-10429b00-eshig-1024x768.webp 1024w, https:\/\/bamex.com.mx\/wp-content\/uploads\/2022\/10\/mgn-1280x960-10429b00-eshig-300x225.webp 300w, https:\/\/bamex.com.mx\/wp-content\/uploads\/2022\/10\/mgn-1280x960-10429b00-eshig-768x576.webp 768w, https:\/\/bamex.com.mx\/wp-content\/uploads\/2022\/10\/mgn-1280x960-10429b00-eshig-16x12.webp 16w, https:\/\/bamex.com.mx\/wp-content\/uploads\/2022\/10\/mgn-1280x960-10429b00-eshig.webp 1280w\" sizes=\"(max-width: 1024px) 100vw, 1024px\" \/>\t\t\t\t\t\t\t\t\t\t\t\t\t\t\t<\/div>\n\t\t\t\t<\/div>\n\t\t\t\t\t<\/div>\n\t\t<\/div>\n\t\t\t\t<div class=\"elementor-column elementor-col-50 elementor-inner-column elementor-element elementor-element-e58baa0\" data-id=\"e58baa0\" data-element_type=\"column\" data-e-type=\"column\">\n\t\t\t<div class=\"elementor-widget-wrap elementor-element-populated\">\n\t\t\t\t\t\t<div class=\"elementor-element elementor-element-818c9b5 elementor-widget elementor-widget-heading\" data-id=\"818c9b5\" data-element_type=\"widget\" data-e-type=\"widget\" data-widget_type=\"heading.default\">\n\t\t\t\t<div class=\"elementor-widget-container\">\n\t\t\t\t\t<h2 class=\"elementor-heading-title elementor-size-default\">Our Values<\/h2>\t\t\t\t<\/div>\n\t\t\t\t<\/div>\n\t\t\t\t<div class=\"elementor-element elementor-element-362be68 elementor-widget elementor-widget-text-editor\" data-id=\"362be68\" data-element_type=\"widget\" data-e-type=\"widget\" data-widget_type=\"text-editor.default\">\n\t\t\t\t<div class=\"elementor-widget-container\">\n\t\t\t\t\t\t\t\t\t<p><strong>BAMEX<\/strong> is founded on ethical values allowing growth and permanence among the preference of our consumers. We act with values that become virtues as we practice them regularly, creating a positive impact inside and outside the organization.<\/p><ul><li><strong>Commitment<\/strong>: Responsibly assume our commitment to our company, our community and our country.<\/li><li><strong>Respect<\/strong>: Mutual respect is essential. It is essential to recognize and appreciate the qualities and achievements of others for the benefit of our company.<\/li><li><strong>Honesty<\/strong>: Maintain upright and honest conduct in our work and social activities, always acting with the truth.<\/li><li><strong>Simplicity<\/strong>: We are all valuable. Have equal and dignified treatment with our clients, suppliers and co-workers.<\/li><\/ul>\t\t\t\t\t\t\t\t<\/div>\n\t\t\t\t<\/div>\n\t\t\t\t\t<\/div>\n\t\t<\/div>\n\t\t\t\t\t<\/div>\n\t\t<\/section>\n\t\t\t\t\t<\/div>\n\t\t<\/div>\n\t\t\t\t\t<\/div>\n\t\t<\/section>\n\t\t\t\t<section class=\"elementor-section elementor-top-section elementor-element elementor-element-716cc75 elementor-section-boxed elementor-section-height-default elementor-section-height-default\" data-id=\"716cc75\" data-element_type=\"section\" data-e-type=\"section\">\n\t\t\t\t\t\t<div class=\"elementor-container elementor-column-gap-default\">\n\t\t\t\t\t<div class=\"elementor-column elementor-col-100 elementor-top-column elementor-element elementor-element-7ad2d41\" data-id=\"7ad2d41\" data-element_type=\"column\" data-e-type=\"column\">\n\t\t\t<div class=\"elementor-widget-wrap elementor-element-populated\">\n\t\t\t\t\t\t<div class=\"elementor-element elementor-element-b376bf7 elementor-widget elementor-widget-heading\" data-id=\"b376bf7\" data-element_type=\"widget\" data-e-type=\"widget\" data-widget_type=\"heading.default\">\n\t\t\t\t<div class=\"elementor-widget-container\">\n\t\t\t\t\t<h1 class=\"elementor-heading-title elementor-size-default\">Presence<\/h1>\t\t\t\t<\/div>\n\t\t\t\t<\/div>\n\t\t\t\t<section class=\"elementor-section elementor-inner-section elementor-element elementor-element-6860ad4 elementor-section-boxed elementor-section-height-default elementor-section-height-default\" data-id=\"6860ad4\" data-element_type=\"section\" data-e-type=\"section\">\n\t\t\t\t\t\t<div class=\"elementor-container elementor-column-gap-default\">\n\t\t\t\t\t<div class=\"elementor-column elementor-col-100 elementor-inner-column elementor-element elementor-element-5546788\" data-id=\"5546788\" data-element_type=\"column\" data-e-type=\"column\">\n\t\t\t<div class=\"elementor-widget-wrap elementor-element-populated\">\n\t\t\t\t\t\t<div class=\"elementor-element elementor-element-7a20e82 elementor-widget elementor-widget-image\" data-id=\"7a20e82\" data-element_type=\"widget\" data-e-type=\"widget\" data-widget_type=\"image.default\">\n\t\t\t\t<div class=\"elementor-widget-container\">\n\t\t\t\t\t\t\t\t\t\t\t\t\t\t\t<img loading=\"lazy\" decoding=\"async\" width=\"1180\" height=\"442\" src=\"https:\/\/bamex.com.mx\/wp-content\/uploads\/2023\/11\/Screenshot-2023-11-23-at-9.55.25\u202fa.m-e1701213467690.png\" class=\"attachment-full size-full wp-image-5781\" alt=\"\" srcset=\"https:\/\/bamex.com.mx\/wp-content\/uploads\/2023\/11\/Screenshot-2023-11-23-at-9.55.25\u202fa.m-e1701213467690.png 1190w, https:\/\/bamex.com.mx\/wp-content\/uploads\/2023\/11\/Screenshot-2023-11-23-at-9.55.25\u202fa.m-e1701213467690-300x114.png 300w, https:\/\/bamex.com.mx\/wp-content\/uploads\/2023\/11\/Screenshot-2023-11-23-at-9.55.25\u202fa.m-e1701213467690-1024x391.png 1024w, https:\/\/bamex.com.mx\/wp-content\/uploads\/2023\/11\/Screenshot-2023-11-23-at-9.55.25\u202fa.m-e1701213467690-768x293.png 768w, https:\/\/bamex.com.mx\/wp-content\/uploads\/2023\/11\/Screenshot-2023-11-23-at-9.55.25\u202fa.m-e1701213467690-18x7.png 18w\" sizes=\"(max-width: 1180px) 100vw, 1180px\" \/>\t\t\t\t\t\t\t\t\t\t\t\t\t\t\t<\/div>\n\t\t\t\t<\/div>\n\t\t\t\t\t<\/div>\n\t\t<\/div>\n\t\t\t\t\t<\/div>\n\t\t<\/section>\n\t\t\t\t\t<\/div>\n\t\t<\/div>\n\t\t\t\t\t<\/div>\n\t\t<\/section>\n\t\t\t\t<\/div>","protected":false},"excerpt":{"rendered":"<p>\u00bfQuienes somos? Nosotros Somos una empresa 100% mexicana especializada en el empaque, distribuci\u00f3n, comercializaci\u00f3n y exportaci\u00f3n de verduras y hortalizas. Nos aseguramos que nuestros socios comerciales cuenten con todos los certificados de sanidad, inocuidad y servicio, incluidos los requerimientos de SENASICA y la certificaci\u00f3n PRIMUS GFS, para garantizar frescura, calidad, y un servicio de excelencia &hellip;<\/p>","protected":false},"author":2,"featured_media":0,"parent":0,"menu_order":0,"comment_status":"closed","ping_status":"closed","template":"elementor_header_footer","meta":{"footnotes":""},"class_list":["post-4441","page","type-page","status-publish","hentry"],"_links":{"self":[{"href":"https:\/\/bamex.com.mx\/en\/wp-json\/wp\/v2\/pages\/4441","targetHints":{"allow":["GET"]}}],"collection":[{"href":"https:\/\/bamex.com.mx\/en\/wp-json\/wp\/v2\/pages"}],"about":[{"href":"https:\/\/bamex.com.mx\/en\/wp-json\/wp\/v2\/types\/page"}],"author":[{"embeddable":true,"href":"https:\/\/bamex.com.mx\/en\/wp-json\/wp\/v2\/users\/2"}],"replies":[{"embeddable":true,"href":"https:\/\/bamex.com.mx\/en\/wp-json\/wp\/v2\/comments?post=4441"}],"version-history":[{"count":164,"href":"https:\/\/bamex.com.mx\/en\/wp-json\/wp\/v2\/pages\/4441\/revisions"}],"predecessor-version":[{"id":5789,"href":"https:\/\/bamex.com.mx\/en\/wp-json\/wp\/v2\/pages\/4441\/revisions\/5789"}],"wp:attachment":[{"href":"https:\/\/bamex.com.mx\/en\/wp-json\/wp\/v2\/media?parent=4441"}],"curies":[{"name":"wp","href":"https:\/\/api.w.org\/{rel}","templated":true}]}}