{"id":4424,"date":"2021-09-29T06:15:32","date_gmt":"2021-09-29T06:15:32","guid":{"rendered":"https:\/\/bamex.com.mx\/?page_id=4424"},"modified":"2023-12-07T15:08:36","modified_gmt":"2023-12-07T15:08:36","slug":"home","status":"publish","type":"page","link":"https:\/\/bamex.com.mx\/en\/","title":{"rendered":"Home"},"content":{"rendered":"\t\t<div data-elementor-type=\"wp-page\" data-elementor-id=\"4424\" class=\"elementor elementor-4424\">\n\t\t\t\t\t\t<section class=\"elementor-section elementor-top-section elementor-element elementor-element-44e9501 elementor-section-full_width elementor-section-height-default elementor-section-height-default\" data-id=\"44e9501\" data-element_type=\"section\" data-e-type=\"section\">\n\t\t\t\t\t\t<div class=\"elementor-container elementor-column-gap-default\">\n\t\t\t\t\t<div class=\"elementor-column elementor-col-100 elementor-top-column elementor-element elementor-element-a4ca644\" data-id=\"a4ca644\" data-element_type=\"column\" data-e-type=\"column\">\n\t\t\t<div class=\"elementor-widget-wrap elementor-element-populated\">\n\t\t\t\t\t\t<div class=\"elementor-element elementor-element-34cc5fa elementor-widget elementor-widget-slider_revolution\" data-id=\"34cc5fa\" data-element_type=\"widget\" data-e-type=\"widget\" data-widget_type=\"slider_revolution.default\">\n\t\t\t\t<div class=\"elementor-widget-container\">\n\t\t\t\t\t\n\t\t<div class=\"wp-block-themepunch-revslider\">\n\t\t\t<!-- START Slider 1 REVOLUTION SLIDER 6.6.5 --><p class=\"rs-p-wp-fix\"><\/p>\n\t\t\t<rs-module-wrap id=\"rev_slider_1_1_wrapper\" data-source=\"gallery\" style=\"visibility:hidden;background:transparent;padding:0;margin:0px auto;margin-top:0;margin-bottom:0;\">\n\t\t\t\t<rs-module id=\"rev_slider_1_1\" style=\"\" data-version=\"6.6.5\">\n\t\t\t\t\t<rs-slides style=\"overflow: hidden; position: absolute;\">\n\t\t\t\t\t\t<rs-slide style=\"position: absolute;\" data-key=\"rs-1\" data-title=\"Slide\" data-in=\"o:0;\" data-out=\"a:false;\">\n\t\t\t\t\t\t\t<img fetchpriority=\"high\" decoding=\"async\" src=\"\/\/bamex.com.mx\/wp-content\/plugins\/revslider\/public\/assets\/assets\/dummy.png\" alt=\"\" title=\"brocoli (1)\" width=\"1200\" height=\"720\" class=\"rev-slidebg tp-rs-img rs-lazyload\" data-lazyload=\"\/\/bamex.com.mx\/wp-content\/uploads\/2023\/03\/brocoli-1.jpg\" data-no-retina>\n<!--\n\t\t\t\t\t\t\t--><rs-layer\n\t\t\t\t\t\t\t\tid=\"slider-1-slide-1-layer-0\" \n\t\t\t\t\t\t\t\tdata-type=\"text\"\n\t\t\t\t\t\t\t\tdata-tsh=\"h:3px;v:3px;\"\n\t\t\t\t\t\t\t\tdata-rsp_ch=\"on\"\n\t\t\t\t\t\t\t\tdata-xy=\"x:c;xo:0,0,15px,0;y:m;yo:0,0,-423px,0;\"\n\t\t\t\t\t\t\t\tdata-text=\"w:normal;s:41,41,35,47;l:25,25,40,44;fw:800;a:left,left,center,center;\"\n\t\t\t\t\t\t\t\tdata-dim=\"w:auto,auto,659px,441px;\"\n\t\t\t\t\t\t\t\tdata-frame_999=\"o:0;st:w;\"\n\t\t\t\t\t\t\t\tstyle=\"z-index:5;font-family:'Montserrat';\"\n\t\t\t\t\t\t\t>Empacamos y comercializamos vegetales frescos \n\t\t\t\t\t\t\t<\/rs-layer><!--\n-->\t\t\t\t\t\t<\/rs-slide>\n\t\t\t\t\t<\/rs-slides>\n\t\t\t\t<\/rs-module>\n\t\t\t\t<script>\n\t\t\t\t\tsetREVStartSize({c: 'rev_slider_1_1',rl:[1240,1240,778,480],el:[520,520,960,720],gw:[1240,1240,778,480],gh:[520,520,960,720],type:'standard',justify:'',layout:'fullwidth',mh:\"0\"});if (window.RS_MODULES!==undefined && window.RS_MODULES.modules!==undefined && window.RS_MODULES.modules[\"revslider11\"]!==undefined) {window.RS_MODULES.modules[\"revslider11\"].once = false;window.revapi1 = undefined;if (window.RS_MODULES.checkMinimal!==undefined) window.RS_MODULES.checkMinimal()}\n\t\t\t\t<\/script>\n\t\t\t<\/rs-module-wrap>\n\t\t\t<!-- END REVOLUTION SLIDER -->\n<\/div>\n\n\t\t\t\t\t\t<\/div>\n\t\t\t\t<\/div>\n\t\t\t\t<div class=\"elementor-element elementor-element-87ef858 elementor-widget elementor-widget-heading\" data-id=\"87ef858\" data-element_type=\"widget\" data-e-type=\"widget\" data-widget_type=\"heading.default\">\n\t\t\t\t<div class=\"elementor-widget-container\">\n\t\t\t\t\t<h3 class=\"elementor-heading-title elementor-size-default\">Somos una empresa especializada en el empaque, distribuci\u00f3n, comercializaci\u00f3n y exportaci\u00f3n de verduras y hortalizas.<\/h3>\t\t\t\t<\/div>\n\t\t\t\t<\/div>\n\t\t\t\t<div class=\"elementor-element elementor-element-e70c837 elementor-align-center elementor-widget elementor-widget-elementskit-button\" data-id=\"e70c837\" data-element_type=\"widget\" data-e-type=\"widget\" data-widget_type=\"elementskit-button.default\">\n\t\t\t\t<div class=\"elementor-widget-container\">\n\t\t\t\t\t<div class=\"ekit-wid-con\" >\t\t<div class=\"ekit-btn-wraper\">\n\t\t\t\t\t\t\t<a href=\"https:\/\/bamex.com.mx\/productos\/\" class=\"elementskit-btn  whitespace--normal\" id=\"\">\n\t\t\t\t\tNUESTROS PRODUCTOS\t\t\t\t<\/a>\n\t\t\t\t\t<\/div>\n        <\/div>\t\t\t\t<\/div>\n\t\t\t\t<\/div>\n\t\t\t\t\t<\/div>\n\t\t<\/div>\n\t\t\t\t\t<\/div>\n\t\t<\/section>\n\t\t\t\t<section class=\"elementor-section elementor-top-section elementor-element elementor-element-d1a9c27 elementor-section-boxed elementor-section-height-default elementor-section-height-default\" data-id=\"d1a9c27\" data-element_type=\"section\" data-e-type=\"section\">\n\t\t\t\t\t\t<div class=\"elementor-container elementor-column-gap-default\">\n\t\t\t\t\t<div class=\"elementor-column elementor-col-100 elementor-top-column elementor-element elementor-element-dae139f\" data-id=\"dae139f\" data-element_type=\"column\" data-e-type=\"column\">\n\t\t\t<div class=\"elementor-widget-wrap elementor-element-populated\">\n\t\t\t\t\t\t<section class=\"elementor-section elementor-inner-section elementor-element elementor-element-49edd48 elementor-section-content-bottom elementor-reverse-mobile elementor-section-boxed elementor-section-height-default elementor-section-height-default\" data-id=\"49edd48\" data-element_type=\"section\" data-e-type=\"section\">\n\t\t\t\t\t\t<div class=\"elementor-container elementor-column-gap-no\">\n\t\t\t\t\t<div class=\"elementor-column elementor-col-50 elementor-inner-column elementor-element elementor-element-1fb56d1\" data-id=\"1fb56d1\" data-element_type=\"column\" data-e-type=\"column\">\n\t\t\t<div class=\"elementor-widget-wrap elementor-element-populated\">\n\t\t\t\t\t\t<div class=\"elementor-element elementor-element-9ab1719 elementor-widget elementor-widget-image\" data-id=\"9ab1719\" data-element_type=\"widget\" data-e-type=\"widget\" data-widget_type=\"image.default\">\n\t\t\t\t<div class=\"elementor-widget-container\">\n\t\t\t\t\t\t\t\t\t\t\t\t\t\t\t<img decoding=\"async\" width=\"1280\" height=\"960\" src=\"https:\/\/bamex.com.mx\/wp-content\/uploads\/2022\/10\/James-Light-field-1ge1duf.jpg\" class=\"attachment-full size-full wp-image-5309\" alt=\"\" srcset=\"https:\/\/bamex.com.mx\/wp-content\/uploads\/2022\/10\/James-Light-field-1ge1duf.jpg 1280w, https:\/\/bamex.com.mx\/wp-content\/uploads\/2022\/10\/James-Light-field-1ge1duf-300x225.jpg 300w, https:\/\/bamex.com.mx\/wp-content\/uploads\/2022\/10\/James-Light-field-1ge1duf-1024x768.jpg 1024w, https:\/\/bamex.com.mx\/wp-content\/uploads\/2022\/10\/James-Light-field-1ge1duf-768x576.jpg 768w, https:\/\/bamex.com.mx\/wp-content\/uploads\/2022\/10\/James-Light-field-1ge1duf-16x12.jpg 16w\" sizes=\"(max-width: 1280px) 100vw, 1280px\" \/>\t\t\t\t\t\t\t\t\t\t\t\t\t\t\t<\/div>\n\t\t\t\t<\/div>\n\t\t\t\t\t<\/div>\n\t\t<\/div>\n\t\t\t\t<div class=\"elementor-column elementor-col-50 elementor-inner-column elementor-element elementor-element-621c13c\" data-id=\"621c13c\" data-element_type=\"column\" data-e-type=\"column\">\n\t\t\t<div class=\"elementor-widget-wrap elementor-element-populated\">\n\t\t\t\t\t\t<div class=\"elementor-element elementor-element-97fff4d elementor-widget elementor-widget-heading\" data-id=\"97fff4d\" data-element_type=\"widget\" data-e-type=\"widget\" data-widget_type=\"heading.default\">\n\t\t\t\t<div class=\"elementor-widget-container\">\n\t\t\t\t\t<h2 class=\"elementor-heading-title elementor-size-default\">Nosotros<\/h2>\t\t\t\t<\/div>\n\t\t\t\t<\/div>\n\t\t\t\t<div class=\"elementor-element elementor-element-587f755 elementor-widget elementor-widget-text-editor\" data-id=\"587f755\" data-element_type=\"widget\" data-e-type=\"widget\" data-widget_type=\"text-editor.default\">\n\t\t\t\t<div class=\"elementor-widget-container\">\n\t\t\t\t\t\t\t\t\t<p>Somos una empresa 100% mexicana especializada en el empaque, distribuci\u00f3n, comercializaci\u00f3n y exportaci\u00f3n de verduras y hortalizas.<\/p><p>Nos esforzamos por ofrecer procesos \u00f3ptimos mediante la innovaci\u00f3n y mejora continua para la comercializaci\u00f3n nacional e internacional de nuestros productos.<\/p><p>Trabajamos con altos est\u00e1ndares de calidad y una cadena de suministro estructurada, con el objetivo de satisfacer a nuestros clientes, sobreponiendo sus necesidades sobre las nuestras para crecer de manera org\u00e1nica, garantizando un enfoque humano en toda nuestra cadena de valor, contribuyendo al desarrollo econ\u00f3mico de las zonas rurales donde tenemos presencia, concientizando en el medio ambiente y el crecimiento personal de nuestros colaboradores.<\/p>\t\t\t\t\t\t\t\t<\/div>\n\t\t\t\t<\/div>\n\t\t\t\t\t<\/div>\n\t\t<\/div>\n\t\t\t\t\t<\/div>\n\t\t<\/section>\n\t\t\t\t\t<\/div>\n\t\t<\/div>\n\t\t\t\t\t<\/div>\n\t\t<\/section>\n\t\t\t\t<section class=\"elementor-section elementor-top-section elementor-element elementor-element-d4be862 elementor-section-boxed elementor-section-height-default elementor-section-height-default\" data-id=\"d4be862\" data-element_type=\"section\" data-e-type=\"section\">\n\t\t\t\t\t\t<div class=\"elementor-container elementor-column-gap-default\">\n\t\t\t\t\t<div class=\"elementor-column elementor-col-100 elementor-top-column elementor-element elementor-element-7ad2c51\" data-id=\"7ad2c51\" data-element_type=\"column\" data-e-type=\"column\">\n\t\t\t<div class=\"elementor-widget-wrap elementor-element-populated\">\n\t\t\t\t\t\t<section class=\"elementor-section elementor-inner-section elementor-element elementor-element-c7590ad elementor-section-boxed elementor-section-height-default elementor-section-height-default\" data-id=\"c7590ad\" data-element_type=\"section\" data-e-type=\"section\">\n\t\t\t\t\t\t<div class=\"elementor-container elementor-column-gap-wider\">\n\t\t\t\t\t<div class=\"elementor-column elementor-col-50 elementor-inner-column elementor-element elementor-element-89e8da6\" data-id=\"89e8da6\" data-element_type=\"column\" data-e-type=\"column\">\n\t\t\t<div class=\"elementor-widget-wrap elementor-element-populated\">\n\t\t\t\t\t\t<div class=\"elementor-element elementor-element-c77c891 elementor-widget elementor-widget-image-box\" data-id=\"c77c891\" data-element_type=\"widget\" data-e-type=\"widget\" data-widget_type=\"image-box.default\">\n\t\t\t\t<div class=\"elementor-widget-container\">\n\t\t\t\t\t<div class=\"elementor-image-box-wrapper\"><div class=\"elementor-image-box-content\"><h3 class=\"elementor-image-box-title\">Misi\u00f3n<\/h3><p class=\"elementor-image-box-description\">Producir, empacar y comercializar productos agr\u00edcolas con calidad, sabor y nutrici\u00f3n.\n<\/p><\/div><\/div>\t\t\t\t<\/div>\n\t\t\t\t<\/div>\n\t\t\t\t\t<\/div>\n\t\t<\/div>\n\t\t\t\t<div class=\"elementor-column elementor-col-50 elementor-inner-column elementor-element elementor-element-0dff908\" data-id=\"0dff908\" data-element_type=\"column\" data-e-type=\"column\">\n\t\t\t<div class=\"elementor-widget-wrap elementor-element-populated\">\n\t\t\t\t\t\t<div class=\"elementor-element elementor-element-7253a17 elementor-widget elementor-widget-image-box\" data-id=\"7253a17\" data-element_type=\"widget\" data-e-type=\"widget\" data-widget_type=\"image-box.default\">\n\t\t\t\t<div class=\"elementor-widget-container\">\n\t\t\t\t\t<div class=\"elementor-image-box-wrapper\"><div class=\"elementor-image-box-content\"><h3 class=\"elementor-image-box-title\">Visi\u00f3n<\/h3><p class=\"elementor-image-box-description\">Ser l\u00edderes en el sector agr\u00edcola teniendo un impacto positivo en los aspectos econ\u00f3mico y social en toda nuestra cadena de valor.\n<\/p><\/div><\/div>\t\t\t\t<\/div>\n\t\t\t\t<\/div>\n\t\t\t\t\t<\/div>\n\t\t<\/div>\n\t\t\t\t\t<\/div>\n\t\t<\/section>\n\t\t\t\t\t<\/div>\n\t\t<\/div>\n\t\t\t\t\t<\/div>\n\t\t<\/section>\n\t\t\t\t<section class=\"elementor-section elementor-top-section elementor-element elementor-element-e3e66f9 elementor-section-boxed elementor-section-height-default elementor-section-height-default\" data-id=\"e3e66f9\" data-element_type=\"section\" data-e-type=\"section\">\n\t\t\t\t\t\t<div class=\"elementor-container elementor-column-gap-default\">\n\t\t\t\t\t<div class=\"elementor-column elementor-col-100 elementor-top-column elementor-element elementor-element-f2b6b80\" data-id=\"f2b6b80\" data-element_type=\"column\" data-e-type=\"column\">\n\t\t\t<div class=\"elementor-widget-wrap elementor-element-populated\">\n\t\t\t\t\t\t<section class=\"elementor-section elementor-inner-section elementor-element elementor-element-9377330 elementor-section-boxed elementor-section-height-default elementor-section-height-default\" data-id=\"9377330\" data-element_type=\"section\" data-e-type=\"section\">\n\t\t\t\t\t\t<div class=\"elementor-container elementor-column-gap-wider\">\n\t\t\t\t\t<div class=\"elementor-column elementor-col-50 elementor-inner-column elementor-element elementor-element-a0a1d18\" data-id=\"a0a1d18\" data-element_type=\"column\" data-e-type=\"column\">\n\t\t\t<div class=\"elementor-widget-wrap elementor-element-populated\">\n\t\t\t\t\t\t<div class=\"elementor-element elementor-element-1403964 elementor-widget elementor-widget-image\" data-id=\"1403964\" data-element_type=\"widget\" data-e-type=\"widget\" data-widget_type=\"image.default\">\n\t\t\t\t<div class=\"elementor-widget-container\">\n\t\t\t\t\t\t\t\t\t\t\t\t\t\t\t<img decoding=\"async\" width=\"1024\" height=\"768\" src=\"https:\/\/bamex.com.mx\/wp-content\/uploads\/2022\/10\/mgn-1280x960-10429b00-eshig-1024x768.webp\" class=\"attachment-large size-large wp-image-5442\" alt=\"\" srcset=\"https:\/\/bamex.com.mx\/wp-content\/uploads\/2022\/10\/mgn-1280x960-10429b00-eshig-1024x768.webp 1024w, https:\/\/bamex.com.mx\/wp-content\/uploads\/2022\/10\/mgn-1280x960-10429b00-eshig-300x225.webp 300w, https:\/\/bamex.com.mx\/wp-content\/uploads\/2022\/10\/mgn-1280x960-10429b00-eshig-768x576.webp 768w, https:\/\/bamex.com.mx\/wp-content\/uploads\/2022\/10\/mgn-1280x960-10429b00-eshig-16x12.webp 16w, https:\/\/bamex.com.mx\/wp-content\/uploads\/2022\/10\/mgn-1280x960-10429b00-eshig.webp 1280w\" sizes=\"(max-width: 1024px) 100vw, 1024px\" \/>\t\t\t\t\t\t\t\t\t\t\t\t\t\t\t<\/div>\n\t\t\t\t<\/div>\n\t\t\t\t\t<\/div>\n\t\t<\/div>\n\t\t\t\t<div class=\"elementor-column elementor-col-50 elementor-inner-column elementor-element elementor-element-96e28e4\" data-id=\"96e28e4\" data-element_type=\"column\" data-e-type=\"column\">\n\t\t\t<div class=\"elementor-widget-wrap elementor-element-populated\">\n\t\t\t\t\t\t<div class=\"elementor-element elementor-element-658221c elementor-widget elementor-widget-heading\" data-id=\"658221c\" data-element_type=\"widget\" data-e-type=\"widget\" data-widget_type=\"heading.default\">\n\t\t\t\t<div class=\"elementor-widget-container\">\n\t\t\t\t\t<h2 class=\"elementor-heading-title elementor-size-default\">Nuestros Valores<\/h2>\t\t\t\t<\/div>\n\t\t\t\t<\/div>\n\t\t\t\t<div class=\"elementor-element elementor-element-658abb7 elementor-widget elementor-widget-text-editor\" data-id=\"658abb7\" data-element_type=\"widget\" data-e-type=\"widget\" data-widget_type=\"text-editor.default\">\n\t\t\t\t<div class=\"elementor-widget-container\">\n\t\t\t\t\t\t\t\t\t<p><strong>BAMEX<\/strong> est\u00e1 fundada sobre valores \u00e9ticos permitiendo tener un crecimiento y permanencia entre la preferencia de los consumidores. Actuamos con valores que se vuelven virtudes al practicarlos habitualmente, creando un impacto positivo dentro y fuera de la organizaci\u00f3n.<\/p><ul><li><strong>Compromiso<\/strong>: Asumir con responsabilidad nuestro compromiso con nuestra empresa, nuestra comunidad y nuestro pa\u00eds.<\/li><li><strong>Respeto<\/strong>: El respeto mutuo es indispensable. Es fundamental reconocer y apreciar las cualidades y logros de los dem\u00e1s para el beneficio de nuestra empresa.<\/li><li><strong>Honestidad<\/strong>: Mantener una conducta recta y honrada en nuestras actividades laborales y sociales, actuando siempre con la verdad.<\/li><li><strong>Sencillez<\/strong>: Todos somos valiosos. Tener un trato igualitario y digno con nuestros clientes, proveedores y compa\u00f1eros de trabajo.<\/li><\/ul>\t\t\t\t\t\t\t\t<\/div>\n\t\t\t\t<\/div>\n\t\t\t\t\t<\/div>\n\t\t<\/div>\n\t\t\t\t\t<\/div>\n\t\t<\/section>\n\t\t\t\t\t<\/div>\n\t\t<\/div>\n\t\t\t\t\t<\/div>\n\t\t<\/section>\n\t\t\t\t<section class=\"elementor-section elementor-top-section elementor-element elementor-element-6e0619b elementor-section-boxed elementor-section-height-default elementor-section-height-default\" data-id=\"6e0619b\" data-element_type=\"section\" data-e-type=\"section\">\n\t\t\t\t\t\t<div class=\"elementor-container elementor-column-gap-default\">\n\t\t\t\t\t<div class=\"elementor-column elementor-col-100 elementor-top-column elementor-element elementor-element-5d6b45c\" data-id=\"5d6b45c\" data-element_type=\"column\" data-e-type=\"column\">\n\t\t\t<div class=\"elementor-widget-wrap elementor-element-populated\">\n\t\t\t\t\t\t<div class=\"elementor-element elementor-element-2caa623 elementor-widget elementor-widget-heading\" data-id=\"2caa623\" data-element_type=\"widget\" data-e-type=\"widget\" data-widget_type=\"heading.default\">\n\t\t\t\t<div class=\"elementor-widget-container\">\n\t\t\t\t\t<h1 class=\"elementor-heading-title elementor-size-default\">Presencia<\/h1>\t\t\t\t<\/div>\n\t\t\t\t<\/div>\n\t\t\t\t<section class=\"elementor-section elementor-inner-section elementor-element elementor-element-b253278 elementor-section-boxed elementor-section-height-default elementor-section-height-default\" data-id=\"b253278\" data-element_type=\"section\" data-e-type=\"section\">\n\t\t\t\t\t\t<div class=\"elementor-container elementor-column-gap-default\">\n\t\t\t\t\t<div class=\"elementor-column elementor-col-100 elementor-inner-column elementor-element elementor-element-3a474b4\" data-id=\"3a474b4\" data-element_type=\"column\" data-e-type=\"column\">\n\t\t\t<div class=\"elementor-widget-wrap elementor-element-populated\">\n\t\t\t\t\t\t<div class=\"elementor-element elementor-element-9a9d0a2 elementor-widget elementor-widget-image\" data-id=\"9a9d0a2\" data-element_type=\"widget\" data-e-type=\"widget\" data-widget_type=\"image.default\">\n\t\t\t\t<div class=\"elementor-widget-container\">\n\t\t\t\t\t\t\t\t\t\t\t\t\t\t\t<img loading=\"lazy\" decoding=\"async\" width=\"1180\" height=\"442\" src=\"https:\/\/bamex.com.mx\/wp-content\/uploads\/2023\/11\/Screenshot-2023-11-23-at-9.56.09\u202fa.m-e1701213448360.png\" class=\"attachment-full size-full wp-image-5781\" alt=\"\" srcset=\"https:\/\/bamex.com.mx\/wp-content\/uploads\/2023\/11\/Screenshot-2023-11-23-at-9.56.09\u202fa.m-e1701213448360.png 1180w, https:\/\/bamex.com.mx\/wp-content\/uploads\/2023\/11\/Screenshot-2023-11-23-at-9.56.09\u202fa.m-e1701213448360-300x112.png 300w, https:\/\/bamex.com.mx\/wp-content\/uploads\/2023\/11\/Screenshot-2023-11-23-at-9.56.09\u202fa.m-e1701213448360-1024x384.png 1024w, https:\/\/bamex.com.mx\/wp-content\/uploads\/2023\/11\/Screenshot-2023-11-23-at-9.56.09\u202fa.m-e1701213448360-768x288.png 768w, https:\/\/bamex.com.mx\/wp-content\/uploads\/2023\/11\/Screenshot-2023-11-23-at-9.56.09\u202fa.m-e1701213448360-18x7.png 18w\" sizes=\"(max-width: 1180px) 100vw, 1180px\" \/>\t\t\t\t\t\t\t\t\t\t\t\t\t\t\t<\/div>\n\t\t\t\t<\/div>\n\t\t\t\t\t<\/div>\n\t\t<\/div>\n\t\t\t\t\t<\/div>\n\t\t<\/section>\n\t\t\t\t\t<\/div>\n\t\t<\/div>\n\t\t\t\t\t<\/div>\n\t\t<\/section>\n\t\t\t\t<\/div>\n\t\t","protected":false},"excerpt":{"rendered":"<p>Somos una empresa especializada en el empaque, distribuci\u00f3n, comercializaci\u00f3n y exportaci\u00f3n de verduras y hortalizas. NUESTROS PRODUCTOS Nosotros Somos una empresa 100% mexicana especializada en el empaque, distribuci\u00f3n, comercializaci\u00f3n y exportaci\u00f3n de verduras y hortalizas. Nos esforzamos por ofrecer procesos \u00f3ptimos mediante la innovaci\u00f3n y mejora continua para la comercializaci\u00f3n nacional e internacional de nuestros &hellip;<\/p>","protected":false},"author":2,"featured_media":0,"parent":0,"menu_order":0,"comment_status":"closed","ping_status":"closed","template":"elementor_header_footer","meta":{"footnotes":""},"class_list":["post-4424","page","type-page","status-publish","hentry"],"_links":{"self":[{"href":"https:\/\/bamex.com.mx\/en\/wp-json\/wp\/v2\/pages\/4424","targetHints":{"allow":["GET"]}}],"collection":[{"href":"https:\/\/bamex.com.mx\/en\/wp-json\/wp\/v2\/pages"}],"about":[{"href":"https:\/\/bamex.com.mx\/en\/wp-json\/wp\/v2\/types\/page"}],"author":[{"embeddable":true,"href":"https:\/\/bamex.com.mx\/en\/wp-json\/wp\/v2\/users\/2"}],"replies":[{"embeddable":true,"href":"https:\/\/bamex.com.mx\/en\/wp-json\/wp\/v2\/comments?post=4424"}],"version-history":[{"count":320,"href":"https:\/\/bamex.com.mx\/en\/wp-json\/wp\/v2\/pages\/4424\/revisions"}],"predecessor-version":[{"id":5920,"href":"https:\/\/bamex.com.mx\/en\/wp-json\/wp\/v2\/pages\/4424\/revisions\/5920"}],"wp:attachment":[{"href":"https:\/\/bamex.com.mx\/en\/wp-json\/wp\/v2\/media?parent=4424"}],"curies":[{"name":"wp","href":"https:\/\/api.w.org\/{rel}","templated":true}]}}